{"id":438,"date":"2024-01-30T12:38:56","date_gmt":"2024-01-30T12:38:56","guid":{"rendered":"https:\/\/westoakfarm.nl\/?post_type=product&#038;p=438"},"modified":"2024-08-20T20:37:26","modified_gmt":"2024-08-20T20:37:26","slug":"kitsch-castor-shampoo","status":"publish","type":"product","link":"https:\/\/westoakfarm.nl\/index.php\/product\/kitsch-castor-shampoo\/","title":{"rendered":"Kitsch Castor Shampoo"},"content":{"rendered":"<div class=\"flex-1 overflow-hidden\">\n<div class=\"react-scroll-to-bottom--css-kkqua-79elbk h-full\">\n<div class=\"react-scroll-to-bottom--css-kkqua-1n7m0yu\">\n<div class=\"flex flex-col pb-9 text-sm\">\n<div class=\"w-full text-token-text-primary\" data-testid=\"conversation-turn-9\">\n<div class=\"px-4 py-2 justify-center text-base md:gap-6 m-auto\">\n<div class=\"flex flex-1 text-base mx-auto gap-3 md:px-5 lg:px-1 xl:px-5 md:max-w-3xl lg:max-w-[40rem] xl:max-w-[48rem] group final-completion\">\n<div class=\"relative flex w-full flex-col lg:w-[calc(100%-115px)] agent-turn\">\n<div class=\"flex-col gap-1 md:gap-3\">\n<div class=\"flex flex-grow flex-col max-w-full\">\n<div class=\"min-h-[20px] text-message flex flex-col items-start gap-3 whitespace-pre-wrap break-words [.text-message+&amp;]:mt-5 overflow-x-auto\" data-message-author-role=\"assistant\" data-message-id=\"775a9079-29f9-442c-b2f8-abbdef6b78d3\">\n<div class=\"markdown prose w-full break-words dark:prose-invert light\">\n<p>Ervaar de kracht van natuurlijke verzorging met de Kitsch Castor Oil Shampoo. Onze unieke formule, verrijkt met de voordelen van castorolie, biedt je haar een diepe reiniging en voeding. Ontdek de geheimen van weelderig, sterker en gezonder haar met elke wasbeurt.<\/p>\n<p>Voordelen:<\/p>\n<ol>\n<li><strong>Diepe Reiniging:<\/strong> Kitsch Castor Oil Shampoo reinigt grondig en verwijdert onzuiverheden, waardoor je haar fris aanvoelt en er stralend uitziet.<\/li>\n<li><strong>Versterkt de Haarwortels:<\/strong> De krachtige eigenschappen van castorolie dringen diep door in de haarwortels, waardoor ze versterkt worden en bijdragen aan een gezonde haargroei.<\/li>\n<li><strong>Hydrateert en Voedt:<\/strong> De shampoo hydrateert intensief en voedt je haar, waardoor het zacht, glanzend en gemakkelijk te stylen is.<\/li>\n<li><strong>Verbetert de Haarstructuur:<\/strong> Kitsch Castor Oil Shampoo verbetert de algehele haarstructuur, waardoor het haar er voller, dikker en gezonder uitziet.<\/li>\n<li><strong>Vrij van Schadelijke Ingredi\u00ebnten:<\/strong> Onze formule is vrij van sulfaten, parabenen en siliconen, waardoor je kunt genieten van een zachte en natuurlijke reiniging zonder schadelijke bijwerkingen.<\/li>\n<\/ol>\n<p>Gebruiksaanwijzing: Breng een kleine hoeveelheid Kitsch Castor Oil Shampoo aan op nat haar, masseer zachtjes in de hoofdhuid en laat het schuimen. Spoel grondig uit en herhaal indien nodig. Voor optimaal resultaat, gebruik in combinatie met de Kitsch Castor Oil Conditioner.<\/p>\n<p>Ingredi\u00ebnten: Met castorolie als ster-ingredi\u00ebnt en een zorgvuldig samengestelde mix van natuurlijke oli\u00ebn en extracten, biedt Kitsch Castor Oil Shampoo de perfecte balans voor gezond en stralend haar.<\/p>\n<p>Transformeer je haarroutine en ontdek de voordelen van castorolie met Kitsch Castor Oil Shampoo. Geef je haar de liefdevolle verzorging die het verdient voor een glanzende, volumineuze look, elke dag opnieuw.<\/p>\n<\/div>\n<\/div>\n<\/div>\n<\/div>\n<\/div>\n<\/div>\n<\/div>\n<\/div>\n<\/div>\n<\/div>\n<\/div>\n<\/div>\n","protected":false},"excerpt":{"rendered":"<p>Tip: Het wordt sterk aanbevolen om altijd een conditioner te gebruiken. Dit om de haarschubben te sluiten (die door de shampoo geopend worden) en klitten te voorkomen en extra glans te genereren.<\/p>\n","protected":false},"featured_media":439,"template":"","meta":[],"product_cat":[30,19],"product_tag":[76,77,78],"class_list":{"0":"post-438","1":"product","2":"type-product","3":"status-publish","4":"has-post-thumbnail","6":"product_cat-kitsch","7":"product_cat-shampoo","8":"product_tag-castor-oil","9":"product_tag-castor-oil-shampoo","10":"product_tag-kitsch-castor-shampoo","12":"first","13":"outofstock","14":"sale","15":"taxable","16":"shipping-taxable","17":"purchasable","18":"product-type-simple"},"jetpack_sharing_enabled":true,"_links":{"self":[{"href":"https:\/\/westoakfarm.nl\/index.php\/wp-json\/wp\/v2\/product\/438","targetHints":{"allow":["GET"]}}],"collection":[{"href":"https:\/\/westoakfarm.nl\/index.php\/wp-json\/wp\/v2\/product"}],"about":[{"href":"https:\/\/westoakfarm.nl\/index.php\/wp-json\/wp\/v2\/types\/product"}],"wp:featuredmedia":[{"embeddable":true,"href":"https:\/\/westoakfarm.nl\/index.php\/wp-json\/wp\/v2\/media\/439"}],"wp:attachment":[{"href":"https:\/\/westoakfarm.nl\/index.php\/wp-json\/wp\/v2\/media?parent=438"}],"wp:term":[{"taxonomy":"product_cat","embeddable":true,"href":"https:\/\/westoakfarm.nl\/index.php\/wp-json\/wp\/v2\/product_cat?post=438"},{"taxonomy":"product_tag","embeddable":true,"href":"https:\/\/westoakfarm.nl\/index.php\/wp-json\/wp\/v2\/product_tag?post=438"}],"curies":[{"name":"wp","href":"https:\/\/api.w.org\/{rel}","templated":true}]}}